{"id":232,"date":"2015-06-30T06:59:39","date_gmt":"2015-06-30T06:59:39","guid":{"rendered":"http:\/\/gbgrupp.ee\/?page_id=232"},"modified":"2022-03-15T16:00:07","modified_gmt":"2022-03-15T16:00:07","slug":"ota-yhteytta","status":"publish","type":"page","link":"https:\/\/gbgrupp.ee\/fi\/ota-yhteytta\/","title":{"rendered":"Ota yhteytt\u00e4"},"content":{"rendered":"<h1>Ota yhteytt\u00e4<\/h1>\n<p><strong>GB Grupp O\u00dc<\/strong><\/p>\n<p>K\u00e4\u00e4rdi 5, V\u00f5iste<br \/>\nP\u00e4rnu L\u00e4\u00e4ni, EE 86501<br \/>\nViro<br \/>\n<strong>Avoinna: <\/strong>\u00a0M-P 08.00-17.00<\/p>\n<p><strong>Puhelin:<\/strong> +372 55 43 484<br \/>\n<strong>E-mail:<\/strong>\u00a0info@gbgrupp.ee<\/p>\n","protected":false},"excerpt":{"rendered":"<p>Ota yhteytt\u00e4 GB Grupp O\u00dc K\u00e4\u00e4rdi 5, V\u00f5iste P\u00e4rnu L\u00e4\u00e4ni, EE 86501 Viro Avoinna: \u00a0M-P 08.00-17.00 Puhelin: +372 55 43 484 E-mail:\u00a0info@gbgrupp.ee<\/p>\n","protected":false},"author":2,"featured_media":0,"parent":0,"menu_order":0,"comment_status":"open","ping_status":"open","template":"kontakt.php","meta":{"_acf_changed":false,"footnotes":""},"acf":[],"_links":{"self":[{"href":"https:\/\/gbgrupp.ee\/fi\/wp-json\/wp\/v2\/pages\/232"}],"collection":[{"href":"https:\/\/gbgrupp.ee\/fi\/wp-json\/wp\/v2\/pages"}],"about":[{"href":"https:\/\/gbgrupp.ee\/fi\/wp-json\/wp\/v2\/types\/page"}],"author":[{"embeddable":true,"href":"https:\/\/gbgrupp.ee\/fi\/wp-json\/wp\/v2\/users\/2"}],"replies":[{"embeddable":true,"href":"https:\/\/gbgrupp.ee\/fi\/wp-json\/wp\/v2\/comments?post=232"}],"version-history":[{"count":0,"href":"https:\/\/gbgrupp.ee\/fi\/wp-json\/wp\/v2\/pages\/232\/revisions"}],"wp:attachment":[{"href":"https:\/\/gbgrupp.ee\/fi\/wp-json\/wp\/v2\/media?parent=232"}],"curies":[{"name":"wp","href":"https:\/\/api.w.org\/{rel}","templated":true}]}}