{"id":182,"date":"2015-06-10T16:01:25","date_gmt":"2015-06-10T16:01:25","guid":{"rendered":"http:\/\/gbgrupp.ee\/?page_id=182"},"modified":"2022-03-15T16:01:56","modified_gmt":"2022-03-15T16:01:56","slug":"contact","status":"publish","type":"page","link":"https:\/\/gbgrupp.ee\/en\/contact\/","title":{"rendered":"Contact Us"},"content":{"rendered":"<h1>Contact<\/h1>\n<p><strong>GB Grupp O\u00dc<\/strong><\/p>\n<p>K\u00e4\u00e4rdi 5, V\u00f5iste<br \/>\nP\u00e4rnu County, EE 86501<br \/>\nEstonia<br \/>\n<strong>Opening hours:<\/strong>\u00a0M-F 08.00-17.00<\/p>\n<p><strong>Phone:<\/strong> +372 55 43 484<br \/>\n<strong>E-mail:<\/strong>\u00a0info@gbgrupp.ee<\/p>\n","protected":false},"excerpt":{"rendered":"<p>Contact GB Grupp O\u00dc K\u00e4\u00e4rdi 5, V\u00f5iste P\u00e4rnu County, EE 86501 Estonia Opening hours:\u00a0M-F 08.00-17.00 Phone: +372 55 43 484 E-mail:\u00a0info@gbgrupp.ee<\/p>\n","protected":false},"author":2,"featured_media":0,"parent":0,"menu_order":0,"comment_status":"open","ping_status":"open","template":"kontakt.php","meta":{"_acf_changed":false,"footnotes":""},"acf":[],"_links":{"self":[{"href":"https:\/\/gbgrupp.ee\/en\/wp-json\/wp\/v2\/pages\/182"}],"collection":[{"href":"https:\/\/gbgrupp.ee\/en\/wp-json\/wp\/v2\/pages"}],"about":[{"href":"https:\/\/gbgrupp.ee\/en\/wp-json\/wp\/v2\/types\/page"}],"author":[{"embeddable":true,"href":"https:\/\/gbgrupp.ee\/en\/wp-json\/wp\/v2\/users\/2"}],"replies":[{"embeddable":true,"href":"https:\/\/gbgrupp.ee\/en\/wp-json\/wp\/v2\/comments?post=182"}],"version-history":[{"count":0,"href":"https:\/\/gbgrupp.ee\/en\/wp-json\/wp\/v2\/pages\/182\/revisions"}],"wp:attachment":[{"href":"https:\/\/gbgrupp.ee\/en\/wp-json\/wp\/v2\/media?parent=182"}],"curies":[{"name":"wp","href":"https:\/\/api.w.org\/{rel}","templated":true}]}}