{"id":236,"date":"2015-06-30T07:11:24","date_gmt":"2015-06-30T07:11:24","guid":{"rendered":"http:\/\/gbgrupp.ee\/?page_id=236"},"modified":"2022-03-15T16:35:22","modified_gmt":"2022-03-15T16:35:22","slug":"tilaaminen","status":"publish","type":"page","link":"http:\/\/gbgrupp.ee\/fi\/tilaaminen\/","title":{"rendered":"Tilaaminen"},"content":{"rendered":"<h1>Tilaaminen<\/h1>\n<ul>\n<li>Mittaa tila, kerro mihin haluat tilata keitti\u00f6kalusteet ja valmistele luonnos<\/li>\n<li>Laita luonnokseen ikkunoiden, ovien yms paikat<\/li>\n<li>Kuvaile mahdollisimman tarkasti haluttu materiaali (ty\u00f6pinta, kaapin ovet, listat, tarvittaessa sein\u00e4levy). Materiaalien ja n\u00e4ytteisiin voit tutustua t\u00c3\u00a4\u00c3\u00a4ll\u00c3\u00a4:\n<ul>\n<li><a href=\"http:\/\/gbgrupp.ee\/melamiinikataloog.pdf\" target=\"_blank\" rel=\"noopener\">Melamiinia n\u00c3\u00a4ytteiss\u00c3\u00a4<\/a><\/li>\n<li><a href=\"http:\/\/eektrade.ee\/et21\" target=\"_blank\" rel=\"noopener\">Ty\u00c3\u00b6taso n\u00c3\u00a4ytteit\u00c3\u00a4<\/a><\/li>\n<li><a href=\"http:\/\/www.baltecomoobel.ee\/index.php?page=12&amp;menu=6&amp;id=35\" target=\"_blank\" rel=\"noopener\">Oven n\u00c3\u00a4ytteet<\/a><\/li>\n<\/ul>\n<\/li>\n<li>Lis\u00c3\u00a4\u00c3\u00a4 lista keitti\u00c3\u00b6n kalustosta, mit\u00c3\u00a4 haluat sinun uuteen keitti\u00c3\u00b6\u00c3\u00b6n ( uuni, liesi, liesituuletin, tiskikone, j\u00c3\u00a4\u00c3\u00a4kaappi)<\/li>\n<\/ul>\n<p>Kun asiakkaalta puuttuu t\u00c3\u00a4ydellinen mielikuvitus omasta uudesta keitti\u00c3\u00b6st\u00c3\u00a4, silloin me olemme juuri oikeat, jotka pystyv\u00c3\u00a4t auttamaan sinua. Ehdotamme oman ratkaisumme, piirt\u00c3\u00a4ess\u00c3\u00a4 kuvan keitti\u00c3\u00b6st\u00c3\u00a4 tietokoneohjelmalla ja sen j\u00c3\u00a4lkeen alamme muuttamaan sit\u00c3\u00a4 asiakkaan tarpeiden mukaan! \ud83d\ude42 Meid\u00c3\u00a4n velvollisuus on l\u00c3\u00b6yt\u00c3\u00a4\u00c3\u00a4 paras ratkaisu asiakkaalle!<\/p>\n\n<h1>Maksuehdot<\/h1>\n<p>Tilaamalla haluamme ennakkomaksua 50% huonekalujen kokonaiskustannuksista. Ennen asennusta tulee maksaa toinen ennakkomaksu 50% huonekalujen kokonaiskustannuksista (jos ei ole sovittu eri tavalla). Huonekalut joita ei tarvitse asentaa, niist\u00c3\u00a4 maksetaan toinen ennakkomaksu 50% huonekalujen kokonaiskustannuksista vasta kun ne saapuvat kotiisi.<\/p>\n<h1>Takuu<\/h1>\n<p>GB Grupp OY huonekaluille kuuluu 2-vuoden takuu, asennuksesta tai huonekalujen antamisesta alkaen. &lt; br\/&gt; *Takuuvaatimukset kysyt\u00c3\u00a4\u00c3\u00a4n etuk\u00c3\u00a4teen tuottajalta, v\u00c3\u00a4ltt\u00c3\u00a4\u00c3\u00a4kseen v\u00c3\u00a4\u00c3\u00a4rink\u00c3\u00a4sityksi\u00c3\u00a4 my\u00c3\u00b6hemmin.<\/p>\n<p><b>Ota meihin yhteytt\u00c3\u00a4 ja valmistamme Sinulle unelmien keitti\u00c3\u00b6si!<\/b><\/p>\n","protected":false},"excerpt":{"rendered":"<p>Tilaaminen Mittaa tila, kerro mihin haluat tilata keitti\u00f6kalusteet ja valmistele luonnos Laita luonnokseen ikkunoiden, ovien yms paikat Kuvaile mahdollisimman tarkasti haluttu materiaali (ty\u00f6pinta, kaapin ovet, listat, tarvittaessa sein\u00e4levy). Materiaalien ja n\u00e4ytteisiin voit tutustua t\u00c3\u00a4\u00c3\u00a4ll\u00c3\u00a4: Melamiinia n\u00c3\u00a4ytteiss\u00c3\u00a4 Ty\u00c3\u00b6taso n\u00c3\u00a4ytteit\u00c3\u00a4 Oven n\u00c3\u00a4ytteet Lis\u00c3\u00a4\u00c3\u00a4 lista keitti\u00c3\u00b6n kalustosta, mit\u00c3\u00a4 haluat sinun uuteen keitti\u00c3\u00b6\u00c3\u00b6n ( uuni, liesi, liesituuletin, tiskikone, j\u00c3\u00a4\u00c3\u00a4kaappi) [&hellip;]<\/p>\n","protected":false},"author":2,"featured_media":0,"parent":0,"menu_order":0,"comment_status":"open","ping_status":"open","template":"tellimine.php","meta":{"_acf_changed":false,"footnotes":""},"acf":[],"_links":{"self":[{"href":"http:\/\/gbgrupp.ee\/fi\/wp-json\/wp\/v2\/pages\/236"}],"collection":[{"href":"http:\/\/gbgrupp.ee\/fi\/wp-json\/wp\/v2\/pages"}],"about":[{"href":"http:\/\/gbgrupp.ee\/fi\/wp-json\/wp\/v2\/types\/page"}],"author":[{"embeddable":true,"href":"http:\/\/gbgrupp.ee\/fi\/wp-json\/wp\/v2\/users\/2"}],"replies":[{"embeddable":true,"href":"http:\/\/gbgrupp.ee\/fi\/wp-json\/wp\/v2\/comments?post=236"}],"version-history":[{"count":0,"href":"http:\/\/gbgrupp.ee\/fi\/wp-json\/wp\/v2\/pages\/236\/revisions"}],"wp:attachment":[{"href":"http:\/\/gbgrupp.ee\/fi\/wp-json\/wp\/v2\/media?parent=236"}],"curies":[{"name":"wp","href":"https:\/\/api.w.org\/{rel}","templated":true}]}}