{"id":158,"date":"2015-06-26T09:46:25","date_gmt":"2015-06-26T09:46:25","guid":{"rendered":"http:\/\/gbgrupp.ee\/?page_id=158"},"modified":"2022-03-15T16:33:49","modified_gmt":"2022-03-15T16:33:49","slug":"gb-grupp","status":"publish","type":"page","link":"http:\/\/gbgrupp.ee\/fi\/","title":{"rendered":"Yhti\u00f6"},"content":{"rendered":"<script type=\"text\/javascript\">\r\ndocument.addEventListener(\"DOMContentLoaded\", function(event) { \r\n\tjQuery( '#slider-pro-3-137' ).sliderPro({\r\n\t\t\/\/width\r\n\t\t\t\twidth: 1033,\r\n\t\t\t\t\r\n\t\t\/\/height\r\n\t\t\t\theight: 500,\r\n\t\t\t\t\r\n\t\t\/\/auto play\r\n\t\t\t\tautoplay:  true,\r\n\t\tautoplayOnHover: 'none',\r\n\t\t\t\t\t\t\t\tautoplayDelay: 5000,\r\n\t\t\r\n\t\t\r\n\t\tarrows: true,\r\n\t\tbuttons: false,\r\n\t\tsmallSize: 500,\r\n\t\tmediumSize: 1000,\r\n\t\tlargeSize: 3000,\r\n\t\tfade: true,\r\n\t\t\r\n\t\t\/\/thumbnail\r\n\t\tthumbnailArrows: true,\r\n\t\tthumbnailWidth: 120,\r\n\t\tthumbnailHeight: 120,\r\n\t\t\t\t\t\tthumbnailsPosition: 'bottom',\r\n\t\t\t\t\t\tcenterImage: true,\r\n\t\timageScaleMode: 'cover',\r\n\t\tallowScaleUp: true,\r\n\t\t\t\tstartSlide: 0,\r\n\t\tloop: true,\r\n\t\tslideDistance: 5,\r\n\t\tautoplayDirection: 'normal',\r\n\t\ttouchSwipe: true,\r\n\t\tfullScreen: true,\r\n\t});\r\n});\r\n<\/script>\r\n\r\n\t\t<div id=\"slider-pro-3-137\" class=\"slider-pro\">\r\n\t\t\t<!---- slides div start ---->\r\n\t\t\t<div class=\"sp-slides\">\r\n\t\t\t\t\t\t\t\t\t\t<div class=\"sp-slide\">\r\n\t\t\t\t\t\t\t<img decoding=\"async\" class=\"sp-image\" loading=\"lazy\" alt=\"\" src=\"http:\/\/gbgrupp.ee\/wp-content\/plugins\/ultimate-responsive-image-slider\/assets\/css\/images\/blank.gif\" data-src=\"http:\/\/gbgrupp.ee\/wp-content\/uploads\/2015\/06\/esi_bb.jpg\" \/>\r\n\r\n\t\t\t\t\t\t\t\r\n\t\t\t\t\t\t\t\t\t\t\t\t\t<\/div>\r\n\t\t\t\t\t\t\t\t\t<\/div>\r\n\t\t\t\r\n\t\t\t<!---- slides div end ---->\r\n\t\t\t\t\t\t<!-- slides thumbnails div end -->\r\n\t\t<\/div>\r\n\t\t<style>\r\n\/* Layout 3 *\/\r\n\/* border *\/\r\n#slider-pro-3-137 .sp-selected-thumbnail {\r\n\tborder: 4px solid #000000;\r\n}\r\n\r\n\/* font + color *\/\r\n.title-in  {\r\n\tfont-family: Arial !important;\r\n\tcolor: #FFFFFF !important;\r\n\tbackground-color: #000000 !important;\r\n\topacity: 0.7 !important;\r\n}\r\n.desc-in  {\r\n\tfont-family: Arial !important;\r\n\tcolor: #FFFFFF !important;\r\n\tbackground-color: #00000 !important;\r\n\topacity: 0.7 !important;\r\n}\r\n\r\n\/* bullets color *\/\r\n.sp-button  {\r\n\tborder: 2px solid #000000 !important;\r\n}\r\n.sp-selected-button  {\r\n\tbackground-color: #000000 !important;\r\n}\r\n\r\n\/* pointer color - bottom *\/\r\n.sp-selected-thumbnail::before {\r\n\tborder-bottom: 5px solid #000000 !important;\r\n}\r\n.sp-selected-thumbnail::after {\r\n\tborder-bottom: 13px solid #000000 !important;\r\n}\r\n\r\n\/* pointer color - top *\/\r\n\r\n\/* full screen icon *\/\r\n.sp-full-screen-button::before {\r\n    color: #FFFFFF !important;\r\n}\r\n\r\n\/* hover navigation icon color *\/\r\n.sp-next-arrow::after, .sp-next-arrow::before {\r\n\tbackground-color: #FFFFFF !important;\r\n}\r\n.sp-previous-arrow::after, .sp-previous-arrow::before {\r\n\tbackground-color: #FFFFFF !important;\r\n}\r\n\r\n#slider-pro-3-137 .title-in {\r\n\tcolor: #FFFFFF !important;\r\n\tfont-weight: bolder;\r\n\ttext-align: center;\r\n}\r\n\r\n#slider-pro-3-137 .title-in-bg {\r\n\tbackground: rgba(255, 255, 255, 0.7); !important;\r\n\twhite-space: unset !important;\r\n\ttransform: initial !important;\r\n\t-webkit-transform: initial !important;\r\n\tfont-size: 14px !important;\r\n}\r\n\r\n#slider-pro-3-137 .desc-in {\r\n\tcolor: #FFFFFF !important;\r\n\ttext-align: center;\r\n}\r\n#slider-pro-3-137 .desc-in-bg {\r\n\tbackground: rgba(#00000, 0.7) !important;\r\n\twhite-space: unset !important;\r\n\ttransform: initial !important;\r\n\t-webkit-transform: initial !important;\r\n\tfont-size: 13px !important;\r\n}\r\n\r\n@media (max-width: 640px) {\r\n\t#slider-pro-3-137 .hide-small-screen {\r\n\t\tdisplay: none;\r\n\t}\r\n}\r\n\r\n@media (max-width: 860px) {\r\n\t#slider-pro-3-137 .sp-layer {\r\n\t\tfont-size: 18px;\r\n\t}\r\n\t\r\n\t#slider-pro-3-137 .hide-medium-screen {\r\n\t\tdisplay: none;\r\n\t}\r\n}\r\n.slides-not-found {\r\n\tbackground-color: #a92929;\r\n\tborder-radius: 5px;\r\n\tcolor: #fff;\r\n\tfont-family: initial;\r\n\ttext-align: center;\r\n\tpadding:12px;\r\n}\r\n\/* Custom CSS *\/\r\n<\/style>\r\n\n<h1>GB Grupp<\/h1>\n<p>Grupp on perustettu vuonna 2009 hein\u00e4kuussa, mutta meid\u00e4n huonekalujen tuotannon kokemukset ovat jo vuodelta 1997.<br \/>\nValmistamme kaikenlaisia huonekaluja, mutta p\u00e4\u00e4asiassa kuitenkin keitti\u00f6n kalusteita ja kaappeja. Olemme luoneet t\u00e4ydelliset mahdollisuudet valmistaa huonekaluja nopeasti ja k\u00e4tev\u00e4sti.<br \/>\nMeid\u00e4n tavoitteenamme on tarjota paras hinta-laatusuhde. Mink\u00e4\u00e4n asiakkaan toivomus ei j\u00e4\u00e4 toteuttamatta, ja meid\u00e4n ty\u00f6t valmistuvat nopeasti ja tarkasti.<\/p>\n<p><u>GB Grupp ryhm\u00e4<\/u><\/p>\n","protected":false},"excerpt":{"rendered":"<p>GB Grupp Grupp on perustettu vuonna 2009 hein\u00e4kuussa, mutta meid\u00e4n huonekalujen tuotannon kokemukset ovat jo vuodelta 1997. Valmistamme kaikenlaisia huonekaluja, mutta p\u00e4\u00e4asiassa kuitenkin keitti\u00f6n kalusteita ja kaappeja. Olemme luoneet t\u00e4ydelliset mahdollisuudet valmistaa huonekaluja nopeasti ja k\u00e4tev\u00e4sti. Meid\u00e4n tavoitteenamme on tarjota paras hinta-laatusuhde. Mink\u00e4\u00e4n asiakkaan toivomus ei j\u00e4\u00e4 toteuttamatta, ja meid\u00e4n ty\u00f6t valmistuvat nopeasti ja tarkasti. [&hellip;]<\/p>\n","protected":false},"author":2,"featured_media":0,"parent":0,"menu_order":0,"comment_status":"open","ping_status":"open","template":"homepage.php","meta":{"_acf_changed":false,"footnotes":""},"acf":[],"_links":{"self":[{"href":"http:\/\/gbgrupp.ee\/fi\/wp-json\/wp\/v2\/pages\/158"}],"collection":[{"href":"http:\/\/gbgrupp.ee\/fi\/wp-json\/wp\/v2\/pages"}],"about":[{"href":"http:\/\/gbgrupp.ee\/fi\/wp-json\/wp\/v2\/types\/page"}],"author":[{"embeddable":true,"href":"http:\/\/gbgrupp.ee\/fi\/wp-json\/wp\/v2\/users\/2"}],"replies":[{"embeddable":true,"href":"http:\/\/gbgrupp.ee\/fi\/wp-json\/wp\/v2\/comments?post=158"}],"version-history":[{"count":0,"href":"http:\/\/gbgrupp.ee\/fi\/wp-json\/wp\/v2\/pages\/158\/revisions"}],"wp:attachment":[{"href":"http:\/\/gbgrupp.ee\/fi\/wp-json\/wp\/v2\/media?parent=158"}],"curies":[{"name":"wp","href":"https:\/\/api.w.org\/{rel}","templated":true}]}}